{"id":1198,"date":"2015-12-15T07:37:33","date_gmt":"2015-12-15T07:37:33","guid":{"rendered":"http:\/\/consulting.stylemixthemes.com\/?page_id=9"},"modified":"2025-02-27T20:59:57","modified_gmt":"2025-02-27T20:59:57","slug":"carpinteria-de-aluminio-en-puerto-del-rosario-fuerteventura","status":"publish","type":"page","link":"https:\/\/dreamy-bhaskara.93-93-117-60.plesk.page\/?page_id=1198","title":{"rendered":"Empresa"},"content":{"rendered":"<p>[vc_row][vc_column width=\u00bb1\/2&#8243;][vc_column_text css=\u00bb.vc_custom_1740689996511{margin-top: 20px !important;}\u00bb]<\/p>\n<h3>\u00bfQuienes somos?<\/h3>\n<p>Bienvenido a nuestro sitio web, en el que ponemos a su disposici\u00f3n una amplia gama de productos relacionados con la carpinter\u00eda en aluminio.<\/p>\n<p>Empresa lider en carpinter\u00eda de aluminio en Puerto del Rosario, con m\u00e1s de 20 a\u00f1os de experiencia en el dise\u00f1o, fabricaci\u00f3n e instalaci\u00f3n de estructuras en aluminio en Fuerteventura.[\/vc_column_text][vc_column_text css=\u00bb.vc_custom_1740686243285{margin-top: 20px !important;}\u00bb]<\/p>\n<h3>Nuestros Productos<\/h3>\n<p>Trabajamos con las principales marcas como Cortizo e Hispaba\u00f1o.[\/vc_column_text][vc_gallery images=\u00bb3163,3164&#8243; img_size=\u00bbfull\u00bb onclick=\u00bb\u00bb][\/vc_column][vc_column width=\u00bb1\/2&#8243;][vc_single_image image=\u00bb3165&#8243; img_size=\u00bblarge\u00bb alignment=\u00bbcenter\u00bb css=\u00bb.vc_custom_1740686477788{margin-top: 60px !important;}\u00bb][vc_column_text css=\u00bb.vc_custom_1740686454623{margin-bottom: 34px !important;}\u00bb]<\/p>\n<blockquote><p>M\u00e1s de 20 a\u00f1os de experiencia en el dise\u00f1o, fabricaci\u00f3n e instalaci\u00f3n de estructuras en aluminio.<\/p><\/blockquote>\n<p>[\/vc_column_text][\/vc_column][\/vc_row]<\/p>\n","protected":false},"excerpt":{"rendered":"<p>[vc_row][vc_column width=\u00bb1\/2&#8243;][vc_column_text css=\u00bb.vc_custom_1740689996511{margin-top: 20px !important;}\u00bb] \u00bfQuienes somos? Bienvenido a nuestro sitio web, en el que ponemos a su disposici\u00f3n una amplia gama de productos relacionados con la carpinter\u00eda en aluminio. Empresa lider en carpinter\u00eda de aluminio en Puerto del Rosario, con m\u00e1s de 20 a\u00f1os de experiencia en el dise\u00f1o, fabricaci\u00f3n e instalaci\u00f3n de estructuras<\/p>\n","protected":false},"author":1,"featured_media":0,"parent":0,"menu_order":0,"comment_status":"closed","ping_status":"closed","template":"","meta":{"footnotes":""},"class_list":["post-1198","page","type-page","status-publish","hentry"],"yoast_head":"<!-- This site is optimized with the Yoast SEO plugin v24.5 - https:\/\/yoast.com\/wordpress\/plugins\/seo\/ -->\n<title>Empresa - Todoealuminio<\/title>\n<meta name=\"description\" content=\"Empresa l\u00edder con m\u00e1s de 20 a\u00f1os de experiencia en el dise\u00f1o, fabricaci\u00f3n e instalaci\u00f3n de estructuras en aluminio.\" \/>\n<meta name=\"robots\" content=\"index, follow, max-snippet:-1, max-image-preview:large, max-video-preview:-1\" \/>\n<link rel=\"canonical\" href=\"https:\/\/dreamy-bhaskara.93-93-117-60.plesk.page\/?page_id=1198\" \/>\n<meta property=\"og:locale\" content=\"es_ES\" \/>\n<meta property=\"og:type\" content=\"article\" \/>\n<meta property=\"og:title\" content=\"Empresa - Todoealuminio\" \/>\n<meta property=\"og:description\" content=\"Empresa l\u00edder con m\u00e1s de 20 a\u00f1os de experiencia en el dise\u00f1o, fabricaci\u00f3n e instalaci\u00f3n de estructuras en aluminio.\" \/>\n<meta property=\"og:url\" content=\"https:\/\/dreamy-bhaskara.93-93-117-60.plesk.page\/?page_id=1198\" \/>\n<meta property=\"og:site_name\" content=\"Todoealuminio\" \/>\n<meta property=\"article:modified_time\" content=\"2025-02-27T20:59:57+00:00\" \/>\n<meta name=\"twitter:card\" content=\"summary_large_image\" \/>\n<meta name=\"twitter:label1\" content=\"Tiempo de lectura\" \/>\n\t<meta name=\"twitter:data1\" content=\"1 minuto\" \/>\n<script type=\"application\/ld+json\" class=\"yoast-schema-graph\">{\"@context\":\"https:\/\/schema.org\",\"@graph\":[{\"@type\":\"WebPage\",\"@id\":\"https:\/\/dreamy-bhaskara.93-93-117-60.plesk.page\/?page_id=1198\",\"url\":\"https:\/\/dreamy-bhaskara.93-93-117-60.plesk.page\/?page_id=1198\",\"name\":\"Empresa - Todoealuminio\",\"isPartOf\":{\"@id\":\"https:\/\/dreamy-bhaskara.93-93-117-60.plesk.page\/#website\"},\"datePublished\":\"2015-12-15T07:37:33+00:00\",\"dateModified\":\"2025-02-27T20:59:57+00:00\",\"description\":\"Empresa l\u00edder con m\u00e1s de 20 a\u00f1os de experiencia en el dise\u00f1o, fabricaci\u00f3n e instalaci\u00f3n de estructuras en aluminio.\",\"breadcrumb\":{\"@id\":\"https:\/\/dreamy-bhaskara.93-93-117-60.plesk.page\/?page_id=1198#breadcrumb\"},\"inLanguage\":\"es\",\"potentialAction\":[{\"@type\":\"ReadAction\",\"target\":[\"https:\/\/dreamy-bhaskara.93-93-117-60.plesk.page\/?page_id=1198\"]}]},{\"@type\":\"BreadcrumbList\",\"@id\":\"https:\/\/dreamy-bhaskara.93-93-117-60.plesk.page\/?page_id=1198#breadcrumb\",\"itemListElement\":[{\"@type\":\"ListItem\",\"position\":1,\"name\":\"Portada\",\"item\":\"https:\/\/dreamy-bhaskara.93-93-117-60.plesk.page\/\"},{\"@type\":\"ListItem\",\"position\":2,\"name\":\"Empresa\"}]},{\"@type\":\"WebSite\",\"@id\":\"https:\/\/dreamy-bhaskara.93-93-117-60.plesk.page\/#website\",\"url\":\"https:\/\/dreamy-bhaskara.93-93-117-60.plesk.page\/\",\"name\":\"Todoealuminio\",\"description\":\"Carpinter\u00eda de Aluminio en Fuerteventura\",\"potentialAction\":[{\"@type\":\"SearchAction\",\"target\":{\"@type\":\"EntryPoint\",\"urlTemplate\":\"https:\/\/dreamy-bhaskara.93-93-117-60.plesk.page\/?s={search_term_string}\"},\"query-input\":{\"@type\":\"PropertyValueSpecification\",\"valueRequired\":true,\"valueName\":\"search_term_string\"}}],\"inLanguage\":\"es\"}]}<\/script>\n<!-- \/ Yoast SEO plugin. -->","yoast_head_json":{"title":"Empresa - Todoealuminio","description":"Empresa l\u00edder con m\u00e1s de 20 a\u00f1os de experiencia en el dise\u00f1o, fabricaci\u00f3n e instalaci\u00f3n de estructuras en aluminio.","robots":{"index":"index","follow":"follow","max-snippet":"max-snippet:-1","max-image-preview":"max-image-preview:large","max-video-preview":"max-video-preview:-1"},"canonical":"https:\/\/dreamy-bhaskara.93-93-117-60.plesk.page\/?page_id=1198","og_locale":"es_ES","og_type":"article","og_title":"Empresa - Todoealuminio","og_description":"Empresa l\u00edder con m\u00e1s de 20 a\u00f1os de experiencia en el dise\u00f1o, fabricaci\u00f3n e instalaci\u00f3n de estructuras en aluminio.","og_url":"https:\/\/dreamy-bhaskara.93-93-117-60.plesk.page\/?page_id=1198","og_site_name":"Todoealuminio","article_modified_time":"2025-02-27T20:59:57+00:00","twitter_card":"summary_large_image","twitter_misc":{"Tiempo de lectura":"1 minuto"},"schema":{"@context":"https:\/\/schema.org","@graph":[{"@type":"WebPage","@id":"https:\/\/dreamy-bhaskara.93-93-117-60.plesk.page\/?page_id=1198","url":"https:\/\/dreamy-bhaskara.93-93-117-60.plesk.page\/?page_id=1198","name":"Empresa - Todoealuminio","isPartOf":{"@id":"https:\/\/dreamy-bhaskara.93-93-117-60.plesk.page\/#website"},"datePublished":"2015-12-15T07:37:33+00:00","dateModified":"2025-02-27T20:59:57+00:00","description":"Empresa l\u00edder con m\u00e1s de 20 a\u00f1os de experiencia en el dise\u00f1o, fabricaci\u00f3n e instalaci\u00f3n de estructuras en aluminio.","breadcrumb":{"@id":"https:\/\/dreamy-bhaskara.93-93-117-60.plesk.page\/?page_id=1198#breadcrumb"},"inLanguage":"es","potentialAction":[{"@type":"ReadAction","target":["https:\/\/dreamy-bhaskara.93-93-117-60.plesk.page\/?page_id=1198"]}]},{"@type":"BreadcrumbList","@id":"https:\/\/dreamy-bhaskara.93-93-117-60.plesk.page\/?page_id=1198#breadcrumb","itemListElement":[{"@type":"ListItem","position":1,"name":"Portada","item":"https:\/\/dreamy-bhaskara.93-93-117-60.plesk.page\/"},{"@type":"ListItem","position":2,"name":"Empresa"}]},{"@type":"WebSite","@id":"https:\/\/dreamy-bhaskara.93-93-117-60.plesk.page\/#website","url":"https:\/\/dreamy-bhaskara.93-93-117-60.plesk.page\/","name":"Todoealuminio","description":"Carpinter\u00eda de Aluminio en Fuerteventura","potentialAction":[{"@type":"SearchAction","target":{"@type":"EntryPoint","urlTemplate":"https:\/\/dreamy-bhaskara.93-93-117-60.plesk.page\/?s={search_term_string}"},"query-input":{"@type":"PropertyValueSpecification","valueRequired":true,"valueName":"search_term_string"}}],"inLanguage":"es"}]}},"_links":{"self":[{"href":"https:\/\/dreamy-bhaskara.93-93-117-60.plesk.page\/index.php?rest_route=\/wp\/v2\/pages\/1198","targetHints":{"allow":["GET"]}}],"collection":[{"href":"https:\/\/dreamy-bhaskara.93-93-117-60.plesk.page\/index.php?rest_route=\/wp\/v2\/pages"}],"about":[{"href":"https:\/\/dreamy-bhaskara.93-93-117-60.plesk.page\/index.php?rest_route=\/wp\/v2\/types\/page"}],"author":[{"embeddable":true,"href":"https:\/\/dreamy-bhaskara.93-93-117-60.plesk.page\/index.php?rest_route=\/wp\/v2\/users\/1"}],"replies":[{"embeddable":true,"href":"https:\/\/dreamy-bhaskara.93-93-117-60.plesk.page\/index.php?rest_route=%2Fwp%2Fv2%2Fcomments&post=1198"}],"version-history":[{"count":12,"href":"https:\/\/dreamy-bhaskara.93-93-117-60.plesk.page\/index.php?rest_route=\/wp\/v2\/pages\/1198\/revisions"}],"predecessor-version":[{"id":3257,"href":"https:\/\/dreamy-bhaskara.93-93-117-60.plesk.page\/index.php?rest_route=\/wp\/v2\/pages\/1198\/revisions\/3257"}],"wp:attachment":[{"href":"https:\/\/dreamy-bhaskara.93-93-117-60.plesk.page\/index.php?rest_route=%2Fwp%2Fv2%2Fmedia&parent=1198"}],"curies":[{"name":"wp","href":"https:\/\/api.w.org\/{rel}","templated":true}]}}