{"id":2801,"date":"2023-02-23T20:19:36","date_gmt":"2023-02-23T20:19:36","guid":{"rendered":"http:\/\/pavinova.es\/?page_id=2801"},"modified":"2025-02-27T19:43:53","modified_gmt":"2025-02-27T19:43:53","slug":"servicios","status":"publish","type":"page","link":"https:\/\/dreamy-bhaskara.93-93-117-60.plesk.page\/?page_id=2801","title":{"rendered":"Qu\u00e9 hacemos"},"content":{"rendered":"<p>[vc_row css=\u00bb.vc_custom_1677183631052{margin-bottom: 40px !important;}\u00bb][vc_column][vc_column_text]En TODOENALUMINIO nos dedicamos a la carpinter\u00eda de aluminio en la isla de Fuerteventura. Contamos con transporte propio para el traslado a cualquier punto de la isla.<\/p>\n<p>Si necesitan cambiar la estructura de sus puertas o ventanas, o simplemente necesitan que les fabriquemos una mampara de ba\u00f1o completamente a medida, TODOENALUMINIO es el lugar id\u00f3neo para ello. Tan s\u00f3lo tienen que ponerse en contacto con nosotros a trav\u00e9s de cualquiera de los medios expuestos en la presente web o acudiendo a nuestras instalaciones. Decenas de clientes satisfechos a lo largo de la isla avalan nuestra trayectoria profesional.<\/p>\n<p>Somos expertos en la fabricaci\u00f3n de: puertas, ventanas, persianas, rejas, mallorquinas, cerramientos, contraventanas, mosquiteras, mamparas de ba\u00f1o, entre otros art\u00edculos.[\/vc_column_text][\/vc_column][\/vc_row][vc_row][vc_column][vc_column_text]<\/p>\n<ul class=\"mt-list mt-list-bullet-red\">\n<li>Asesoramiento totalmente personalizado<\/li>\n<li>Alta especializaci\u00f3n del personal<\/li>\n<li>Ofrecemos un amplio abanico de posibilidades<\/li>\n<li>Medici\u00f3n y presupuesto sin compromiso<\/li>\n<li>Cumplimos con las fechas de finalizaci\u00f3n acordadas<\/li>\n<li>Formalidad<\/li>\n<li>Mantenimiento en toda la carpinter\u00eda de aluminio<\/li>\n<li>Garant\u00edas absolutas<\/li>\n<li>Y mucho m\u00e1s\u2026<\/li>\n<\/ul>\n<p>[\/vc_column_text][\/vc_column][\/vc_row]<\/p>\n","protected":false},"excerpt":{"rendered":"<p>[vc_row css=\u00bb.vc_custom_1677183631052{margin-bottom: 40px !important;}\u00bb][vc_column][vc_column_text]En TODOENALUMINIO nos dedicamos a la carpinter\u00eda de aluminio en la isla de Fuerteventura. Contamos con transporte propio para el traslado a cualquier punto de la isla. Si necesitan cambiar la estructura de sus puertas o ventanas, o simplemente necesitan que les fabriquemos una mampara de ba\u00f1o completamente a medida, TODOENALUMINIO es<\/p>\n","protected":false},"author":1,"featured_media":0,"parent":0,"menu_order":0,"comment_status":"closed","ping_status":"closed","template":"","meta":{"footnotes":""},"class_list":["post-2801","page","type-page","status-publish","hentry"],"yoast_head":"<!-- This site is optimized with the Yoast SEO plugin v24.5 - https:\/\/yoast.com\/wordpress\/plugins\/seo\/ -->\n<title>Qu\u00e9 hacemos - Todoealuminio<\/title>\n<meta name=\"description\" content=\"Nos dedicamos a la carpinter\u00eda de aluminio en la isla de Fuerteventura\" \/>\n<meta name=\"robots\" content=\"index, follow, max-snippet:-1, max-image-preview:large, max-video-preview:-1\" \/>\n<link rel=\"canonical\" href=\"https:\/\/dreamy-bhaskara.93-93-117-60.plesk.page\/?page_id=2801\" \/>\n<meta property=\"og:locale\" content=\"es_ES\" \/>\n<meta property=\"og:type\" content=\"article\" \/>\n<meta property=\"og:title\" content=\"Qu\u00e9 hacemos - Todoealuminio\" \/>\n<meta property=\"og:description\" content=\"Nos dedicamos a la carpinter\u00eda de aluminio en la isla de Fuerteventura\" \/>\n<meta property=\"og:url\" content=\"https:\/\/dreamy-bhaskara.93-93-117-60.plesk.page\/?page_id=2801\" \/>\n<meta property=\"og:site_name\" content=\"Todoealuminio\" \/>\n<meta property=\"article:modified_time\" content=\"2025-02-27T19:43:53+00:00\" \/>\n<meta name=\"twitter:card\" content=\"summary_large_image\" \/>\n<meta name=\"twitter:label1\" content=\"Tiempo de lectura\" \/>\n\t<meta name=\"twitter:data1\" content=\"1 minuto\" \/>\n<script type=\"application\/ld+json\" class=\"yoast-schema-graph\">{\"@context\":\"https:\/\/schema.org\",\"@graph\":[{\"@type\":\"WebPage\",\"@id\":\"https:\/\/dreamy-bhaskara.93-93-117-60.plesk.page\/?page_id=2801\",\"url\":\"https:\/\/dreamy-bhaskara.93-93-117-60.plesk.page\/?page_id=2801\",\"name\":\"Qu\u00e9 hacemos - Todoealuminio\",\"isPartOf\":{\"@id\":\"https:\/\/dreamy-bhaskara.93-93-117-60.plesk.page\/#website\"},\"datePublished\":\"2023-02-23T20:19:36+00:00\",\"dateModified\":\"2025-02-27T19:43:53+00:00\",\"description\":\"Nos dedicamos a la carpinter\u00eda de aluminio en la isla de Fuerteventura\",\"breadcrumb\":{\"@id\":\"https:\/\/dreamy-bhaskara.93-93-117-60.plesk.page\/?page_id=2801#breadcrumb\"},\"inLanguage\":\"es\",\"potentialAction\":[{\"@type\":\"ReadAction\",\"target\":[\"https:\/\/dreamy-bhaskara.93-93-117-60.plesk.page\/?page_id=2801\"]}]},{\"@type\":\"BreadcrumbList\",\"@id\":\"https:\/\/dreamy-bhaskara.93-93-117-60.plesk.page\/?page_id=2801#breadcrumb\",\"itemListElement\":[{\"@type\":\"ListItem\",\"position\":1,\"name\":\"Portada\",\"item\":\"https:\/\/dreamy-bhaskara.93-93-117-60.plesk.page\/\"},{\"@type\":\"ListItem\",\"position\":2,\"name\":\"Qu\u00e9 hacemos\"}]},{\"@type\":\"WebSite\",\"@id\":\"https:\/\/dreamy-bhaskara.93-93-117-60.plesk.page\/#website\",\"url\":\"https:\/\/dreamy-bhaskara.93-93-117-60.plesk.page\/\",\"name\":\"Todoealuminio\",\"description\":\"Carpinter\u00eda de Aluminio en Fuerteventura\",\"potentialAction\":[{\"@type\":\"SearchAction\",\"target\":{\"@type\":\"EntryPoint\",\"urlTemplate\":\"https:\/\/dreamy-bhaskara.93-93-117-60.plesk.page\/?s={search_term_string}\"},\"query-input\":{\"@type\":\"PropertyValueSpecification\",\"valueRequired\":true,\"valueName\":\"search_term_string\"}}],\"inLanguage\":\"es\"}]}<\/script>\n<!-- \/ Yoast SEO plugin. -->","yoast_head_json":{"title":"Qu\u00e9 hacemos - Todoealuminio","description":"Nos dedicamos a la carpinter\u00eda de aluminio en la isla de Fuerteventura","robots":{"index":"index","follow":"follow","max-snippet":"max-snippet:-1","max-image-preview":"max-image-preview:large","max-video-preview":"max-video-preview:-1"},"canonical":"https:\/\/dreamy-bhaskara.93-93-117-60.plesk.page\/?page_id=2801","og_locale":"es_ES","og_type":"article","og_title":"Qu\u00e9 hacemos - Todoealuminio","og_description":"Nos dedicamos a la carpinter\u00eda de aluminio en la isla de Fuerteventura","og_url":"https:\/\/dreamy-bhaskara.93-93-117-60.plesk.page\/?page_id=2801","og_site_name":"Todoealuminio","article_modified_time":"2025-02-27T19:43:53+00:00","twitter_card":"summary_large_image","twitter_misc":{"Tiempo de lectura":"1 minuto"},"schema":{"@context":"https:\/\/schema.org","@graph":[{"@type":"WebPage","@id":"https:\/\/dreamy-bhaskara.93-93-117-60.plesk.page\/?page_id=2801","url":"https:\/\/dreamy-bhaskara.93-93-117-60.plesk.page\/?page_id=2801","name":"Qu\u00e9 hacemos - Todoealuminio","isPartOf":{"@id":"https:\/\/dreamy-bhaskara.93-93-117-60.plesk.page\/#website"},"datePublished":"2023-02-23T20:19:36+00:00","dateModified":"2025-02-27T19:43:53+00:00","description":"Nos dedicamos a la carpinter\u00eda de aluminio en la isla de Fuerteventura","breadcrumb":{"@id":"https:\/\/dreamy-bhaskara.93-93-117-60.plesk.page\/?page_id=2801#breadcrumb"},"inLanguage":"es","potentialAction":[{"@type":"ReadAction","target":["https:\/\/dreamy-bhaskara.93-93-117-60.plesk.page\/?page_id=2801"]}]},{"@type":"BreadcrumbList","@id":"https:\/\/dreamy-bhaskara.93-93-117-60.plesk.page\/?page_id=2801#breadcrumb","itemListElement":[{"@type":"ListItem","position":1,"name":"Portada","item":"https:\/\/dreamy-bhaskara.93-93-117-60.plesk.page\/"},{"@type":"ListItem","position":2,"name":"Qu\u00e9 hacemos"}]},{"@type":"WebSite","@id":"https:\/\/dreamy-bhaskara.93-93-117-60.plesk.page\/#website","url":"https:\/\/dreamy-bhaskara.93-93-117-60.plesk.page\/","name":"Todoealuminio","description":"Carpinter\u00eda de Aluminio en Fuerteventura","potentialAction":[{"@type":"SearchAction","target":{"@type":"EntryPoint","urlTemplate":"https:\/\/dreamy-bhaskara.93-93-117-60.plesk.page\/?s={search_term_string}"},"query-input":{"@type":"PropertyValueSpecification","valueRequired":true,"valueName":"search_term_string"}}],"inLanguage":"es"}]}},"_links":{"self":[{"href":"https:\/\/dreamy-bhaskara.93-93-117-60.plesk.page\/index.php?rest_route=\/wp\/v2\/pages\/2801","targetHints":{"allow":["GET"]}}],"collection":[{"href":"https:\/\/dreamy-bhaskara.93-93-117-60.plesk.page\/index.php?rest_route=\/wp\/v2\/pages"}],"about":[{"href":"https:\/\/dreamy-bhaskara.93-93-117-60.plesk.page\/index.php?rest_route=\/wp\/v2\/types\/page"}],"author":[{"embeddable":true,"href":"https:\/\/dreamy-bhaskara.93-93-117-60.plesk.page\/index.php?rest_route=\/wp\/v2\/users\/1"}],"replies":[{"embeddable":true,"href":"https:\/\/dreamy-bhaskara.93-93-117-60.plesk.page\/index.php?rest_route=%2Fwp%2Fv2%2Fcomments&post=2801"}],"version-history":[{"count":7,"href":"https:\/\/dreamy-bhaskara.93-93-117-60.plesk.page\/index.php?rest_route=\/wp\/v2\/pages\/2801\/revisions"}],"predecessor-version":[{"id":3229,"href":"https:\/\/dreamy-bhaskara.93-93-117-60.plesk.page\/index.php?rest_route=\/wp\/v2\/pages\/2801\/revisions\/3229"}],"wp:attachment":[{"href":"https:\/\/dreamy-bhaskara.93-93-117-60.plesk.page\/index.php?rest_route=%2Fwp%2Fv2%2Fmedia&parent=2801"}],"curies":[{"name":"wp","href":"https:\/\/api.w.org\/{rel}","templated":true}]}}