{"id":45,"date":"2015-12-15T07:37:48","date_gmt":"2015-12-15T07:37:48","guid":{"rendered":"http:\/\/consulting.stylemixthemes.com\/?page_id=11"},"modified":"2025-02-27T19:47:42","modified_gmt":"2025-02-27T19:47:42","slug":"contacto","status":"publish","type":"page","link":"https:\/\/dreamy-bhaskara.93-93-117-60.plesk.page\/?page_id=45","title":{"rendered":"Contacto"},"content":{"rendered":"<p>[vc_section][vc_row][vc_column width=\u00bb2\/3&#8243;][vc_gmaps link=\u00bb#E-8_JTNDaWZyYW1lJTIwc3JjJTNEJTIyaHR0cHMlM0ElMkYlMkZ3d3cuZ29vZ2xlLmNvbSUyRm1hcHMlMkZlbWJlZCUzRnBiJTNEJTIxMW0xNCUyMTFtOCUyMTFtMyUyMTFkMTc1Mi44MjYxMjQ0NTUxOTMyJTIxMmQtMTMuODQ0OTc1MDY3MDI5MTQlMjEzZDI4LjUyMDEwODU4Njg4MTE4JTIxM20yJTIxMWkxMDI0JTIxMmk3NjglMjE0ZjEzLjElMjEzbTMlMjExbTIlMjExczB4YzQ3Yzg5ZjgwZTg1NjM1JTI1M0EweDZhZmEzZTNhNzQ1ZWNlMmMlMjEyc0MuJTI1MjBUcmFzbWFsbG8lMjUyQyUyNTIwMjIlMjUyQyUyNTIwMzU2MDAlMjUyMFB1ZXJ0byUyNTIwZGVsJTI1MjBSb3NhcmlvJTI1MkMlMjUyMExhcyUyNTIwUGFsbWFzJTIxNWUwJTIxM20yJTIxMXNlcyUyMTJzZXMlMjE0djE3NDA2ODM3MjI3OTglMjE1bTIlMjExc2VzJTIxMnNlcyUyMiUyMHdpZHRoJTNEJTIyNjAwJTIyJTIwaGVpZ2h0JTNEJTIyNDUwJTIyJTIwc3R5bGUlM0QlMjJib3JkZXIlM0EwJTNCJTIyJTIwYWxsb3dmdWxsc2NyZWVuJTNEJTIyJTIyJTIwbG9hZGluZyUzRCUyMmxhenklMjIlMjByZWZlcnJlcnBvbGljeSUzRCUyMm5vLXJlZmVycmVyLXdoZW4tZG93bmdyYWRlJTIyJTNFJTNDJTJGaWZyYW1lJTNF\u00bb size=\u00bb350px\u00bb][\/vc_column][vc_column width=\u00bb1\/3&#8243;][stm_contacts_widget class=\u00bboverlay_3&#8243; title=\u00bbDonde encontrarnos\u00bb address=\u00bbCalle Trasmallo, 22,<br \/>\nPol\u00edgono industrial de la Hondura,<br \/>\nPuerto del Rosario \u2013 Fuerteventura\u00bb phone=\u00bb928 53 28 58 &#8211; 609 78 81 33&#8243; email=\u00bbinfo@todoenaluminio.es\u00bb css=\u00bb.vc_custom_1740685659913{padding-top: 40px !important;padding-right: 40px !important;padding-bottom: 70px !important;padding-left: 40px !important;background-color: #ba1f00 !important;}\u00bb][\/vc_column][\/vc_row][vc_row][vc_column][vc_row_inner][vc_column_inner][vc_custom_heading text=\u00bbContacta con Nosotros\u00bb font_container=\u00bbtag:h4|text_align:left\u00bb use_theme_fonts=\u00bbyes\u00bb css=\u00bb.vc_custom_1740683848571{margin-bottom: 30px !important;}\u00bb]\n<div class=\"wpcf7 no-js\" id=\"wpcf7-f2466-o1\" lang=\"es-ES\" dir=\"ltr\" data-wpcf7-id=\"2466\">\n<div class=\"screen-reader-response\"><p role=\"status\" aria-live=\"polite\" aria-atomic=\"true\"><\/p> <ul><\/ul><\/div>\n<form action=\"\/index.php?rest_route=%2Fwp%2Fv2%2Fpages%2F45#wpcf7-f2466-o1\" method=\"post\" class=\"wpcf7-form init\" aria-label=\"Formulario de contacto\" novalidate=\"novalidate\" data-status=\"init\">\n<div style=\"display: none;\">\n<input type=\"hidden\" name=\"_wpcf7\" value=\"2466\" \/>\n<input type=\"hidden\" name=\"_wpcf7_version\" value=\"6.0.4\" \/>\n<input type=\"hidden\" name=\"_wpcf7_locale\" value=\"es_ES\" \/>\n<input type=\"hidden\" name=\"_wpcf7_unit_tag\" value=\"wpcf7-f2466-o1\" \/>\n<input type=\"hidden\" name=\"_wpcf7_container_post\" value=\"0\" \/>\n<input type=\"hidden\" name=\"_wpcf7_posted_data_hash\" value=\"\" \/>\n<\/div>\n<div class=\"col-lg-6 col-md-6 col-sm-6 col-xs-12\">\n\t<p><label> Tu nombre (requerido)<br \/>\n<span class=\"wpcf7-form-control-wrap\" data-name=\"your-name\"><input size=\"40\" maxlength=\"400\" class=\"wpcf7-form-control wpcf7-text wpcf7-validates-as-required\" aria-required=\"true\" aria-invalid=\"false\" value=\"\" type=\"text\" name=\"your-name\" \/><\/span> <\/label>\n\t<\/p>\n\t<p><label> Tu correo electr\u00f3nico (requerido)<br \/>\n<span class=\"wpcf7-form-control-wrap\" data-name=\"your-email\"><input size=\"40\" maxlength=\"400\" class=\"wpcf7-form-control wpcf7-email wpcf7-validates-as-required wpcf7-text wpcf7-validates-as-email\" aria-required=\"true\" aria-invalid=\"false\" value=\"\" type=\"email\" name=\"your-email\" \/><\/span> <\/label>\n\t<\/p>\n\t<p><label> Tu Tel\u00e9fono (requerido)<br \/>\n<span class=\"wpcf7-form-control-wrap\" data-name=\"telefono\"><input size=\"40\" maxlength=\"400\" class=\"wpcf7-form-control wpcf7-tel wpcf7-validates-as-required wpcf7-text wpcf7-validates-as-tel\" aria-required=\"true\" aria-invalid=\"false\" value=\"\" type=\"tel\" name=\"telefono\" \/><\/span> <\/label>\n\t<\/p>\n<\/div>\n<div class=\"col-lg-6 col-md-6 col-sm-6 col-xs-12\">\n\t<p><label> Asunto<br \/>\n<span class=\"wpcf7-form-control-wrap\" data-name=\"your-subject\"><input size=\"40\" maxlength=\"400\" class=\"wpcf7-form-control wpcf7-text\" aria-invalid=\"false\" value=\"\" type=\"text\" name=\"your-subject\" \/><\/span> <\/label>\n\t<\/p>\n\t<p><label> Tu mensaje<br \/>\n<span class=\"wpcf7-form-control-wrap\" data-name=\"your-message\"><textarea cols=\"40\" rows=\"10\" maxlength=\"2000\" class=\"wpcf7-form-control wpcf7-textarea\" aria-invalid=\"false\" name=\"your-message\"><\/textarea><\/span> <\/label>\n\t<\/p>\n\t<div class=\"input-group\">\n\t\t<p><button type=\"submit\" class=\"button size-lg icon_right\">Enviar <i class=\"fa fa-chevron-right\"><\/i><\/button>\n\t\t<\/p>\n\t<\/div>\n<\/div><div class=\"wpcf7-response-output\" aria-hidden=\"true\"><\/div>\n<\/form>\n<\/div>\n[vc_column_text]<em>Seg\u00fan lo dispuesto en el Reglamento Europeo en materia de Protecci\u00f3n de Datos, le informamos de que los datos de car\u00e1cter personal que nos ha proporcionado son gestionados por SISTEMAS ALUOTER S.L. tras habernos facilitado\/cedido sus datos de manera voluntaria mediante un correo electr\u00f3nico tras su mensaje en el formulario de contacto. La finalidad de este fichero es moderar los mensajes. El usuario tiene derecho a la rectificaci\u00f3n, limitaci\u00f3n o suprimir de los datos enviando un correo electr\u00f3nico a info@todoenaluminio.es desde la direcci\u00f3n que us\u00f3 para el alta as\u00ed como realizar una reclamaci\u00f3n a la autoridad de control.<\/em>[\/vc_column_text][\/vc_column_inner][\/vc_row_inner][\/vc_column][\/vc_row][\/vc_section]<\/p>\n","protected":false},"excerpt":{"rendered":"<p>[vc_section][vc_row][vc_column width=\u00bb2\/3&#8243;][vc_gmaps link=\u00bb#E-8_JTNDaWZyYW1lJTIwc3JjJTNEJTIyaHR0cHMlM0ElMkYlMkZ3d3cuZ29vZ2xlLmNvbSUyRm1hcHMlMkZlbWJlZCUzRnBiJTNEJTIxMW0xNCUyMTFtOCUyMTFtMyUyMTFkMTc1Mi44MjYxMjQ0NTUxOTMyJTIxMmQtMTMuODQ0OTc1MDY3MDI5MTQlMjEzZDI4LjUyMDEwODU4Njg4MTE4JTIxM20yJTIxMWkxMDI0JTIxMmk3NjglMjE0ZjEzLjElMjEzbTMlMjExbTIlMjExczB4YzQ3Yzg5ZjgwZTg1NjM1JTI1M0EweDZhZmEzZTNhNzQ1ZWNlMmMlMjEyc0MuJTI1MjBUcmFzbWFsbG8lMjUyQyUyNTIwMjIlMjUyQyUyNTIwMzU2MDAlMjUyMFB1ZXJ0byUyNTIwZGVsJTI1MjBSb3NhcmlvJTI1MkMlMjUyMExhcyUyNTIwUGFsbWFzJTIxNWUwJTIxM20yJTIxMXNlcyUyMTJzZXMlMjE0djE3NDA2ODM3MjI3OTglMjE1bTIlMjExc2VzJTIxMnNlcyUyMiUyMHdpZHRoJTNEJTIyNjAwJTIyJTIwaGVpZ2h0JTNEJTIyNDUwJTIyJTIwc3R5bGUlM0QlMjJib3JkZXIlM0EwJTNCJTIyJTIwYWxsb3dmdWxsc2NyZWVuJTNEJTIyJTIyJTIwbG9hZGluZyUzRCUyMmxhenklMjIlMjByZWZlcnJlcnBvbGljeSUzRCUyMm5vLXJlZmVycmVyLXdoZW4tZG93bmdyYWRlJTIyJTNFJTNDJTJGaWZyYW1lJTNF\u00bb size=\u00bb350px\u00bb][\/vc_column][vc_column width=\u00bb1\/3&#8243;][stm_contacts_widget class=\u00bboverlay_3&#8243; title=\u00bbDonde encontrarnos\u00bb address=\u00bbCalle Trasmallo, 22, Pol\u00edgono industrial de la Hondura, Puerto del Rosario \u2013 Fuerteventura\u00bb phone=\u00bb928 53 28 58 &#8211; 609 78 81 33&#8243; email=\u00bbinfo@todoenaluminio.es\u00bb css=\u00bb.vc_custom_1740685659913{padding-top: 40px !important;padding-right: 40px !important;padding-bottom: 70px !important;padding-left: 40px !important;background-color: #ba1f00 !important;}\u00bb][\/vc_column][\/vc_row][vc_row][vc_column][vc_row_inner][vc_column_inner][vc_custom_heading text=\u00bbContacta con Nosotros\u00bb font_container=\u00bbtag:h4|text_align:left\u00bb use_theme_fonts=\u00bbyes\u00bb css=\u00bb.vc_custom_1740683848571{margin-bottom: 30px !important;}\u00bb][vc_column_text]Seg\u00fan lo dispuesto en el Reglamento<\/p>\n","protected":false},"author":1,"featured_media":0,"parent":0,"menu_order":0,"comment_status":"closed","ping_status":"closed","template":"","meta":{"footnotes":""},"class_list":["post-45","page","type-page","status-publish","hentry"],"yoast_head":"<!-- This site is optimized with the Yoast SEO plugin v24.5 - https:\/\/yoast.com\/wordpress\/plugins\/seo\/ -->\n<title>Contacto - Todoealuminio<\/title>\n<meta name=\"description\" content=\"Pide presupuesto sin compromiso. Ponte en contacto con nosotros y cu\u00e9ntanos tu proyecto para suelo y pared en Las Palmas\" \/>\n<meta name=\"robots\" content=\"index, follow, max-snippet:-1, max-image-preview:large, max-video-preview:-1\" \/>\n<link rel=\"canonical\" href=\"https:\/\/dreamy-bhaskara.93-93-117-60.plesk.page\/?page_id=45\" \/>\n<meta property=\"og:locale\" content=\"es_ES\" \/>\n<meta property=\"og:type\" content=\"article\" \/>\n<meta property=\"og:title\" content=\"Contacto - Todoealuminio\" \/>\n<meta property=\"og:description\" content=\"Pide presupuesto sin compromiso. Ponte en contacto con nosotros y cu\u00e9ntanos tu proyecto para suelo y pared en Las Palmas\" \/>\n<meta property=\"og:url\" content=\"https:\/\/dreamy-bhaskara.93-93-117-60.plesk.page\/?page_id=45\" \/>\n<meta property=\"og:site_name\" content=\"Todoealuminio\" \/>\n<meta property=\"article:modified_time\" content=\"2025-02-27T19:47:42+00:00\" \/>\n<meta name=\"twitter:card\" content=\"summary_large_image\" \/>\n<meta name=\"twitter:label1\" content=\"Tiempo de lectura\" \/>\n\t<meta name=\"twitter:data1\" content=\"1 minuto\" \/>\n<script type=\"application\/ld+json\" class=\"yoast-schema-graph\">{\"@context\":\"https:\/\/schema.org\",\"@graph\":[{\"@type\":\"WebPage\",\"@id\":\"https:\/\/dreamy-bhaskara.93-93-117-60.plesk.page\/?page_id=45\",\"url\":\"https:\/\/dreamy-bhaskara.93-93-117-60.plesk.page\/?page_id=45\",\"name\":\"Contacto - Todoealuminio\",\"isPartOf\":{\"@id\":\"https:\/\/dreamy-bhaskara.93-93-117-60.plesk.page\/#website\"},\"datePublished\":\"2015-12-15T07:37:48+00:00\",\"dateModified\":\"2025-02-27T19:47:42+00:00\",\"description\":\"Pide presupuesto sin compromiso. Ponte en contacto con nosotros y cu\u00e9ntanos tu proyecto para suelo y pared en Las Palmas\",\"breadcrumb\":{\"@id\":\"https:\/\/dreamy-bhaskara.93-93-117-60.plesk.page\/?page_id=45#breadcrumb\"},\"inLanguage\":\"es\",\"potentialAction\":[{\"@type\":\"ReadAction\",\"target\":[\"https:\/\/dreamy-bhaskara.93-93-117-60.plesk.page\/?page_id=45\"]}]},{\"@type\":\"BreadcrumbList\",\"@id\":\"https:\/\/dreamy-bhaskara.93-93-117-60.plesk.page\/?page_id=45#breadcrumb\",\"itemListElement\":[{\"@type\":\"ListItem\",\"position\":1,\"name\":\"Portada\",\"item\":\"https:\/\/dreamy-bhaskara.93-93-117-60.plesk.page\/\"},{\"@type\":\"ListItem\",\"position\":2,\"name\":\"Contacto\"}]},{\"@type\":\"WebSite\",\"@id\":\"https:\/\/dreamy-bhaskara.93-93-117-60.plesk.page\/#website\",\"url\":\"https:\/\/dreamy-bhaskara.93-93-117-60.plesk.page\/\",\"name\":\"Todoealuminio\",\"description\":\"Carpinter\u00eda de Aluminio en Fuerteventura\",\"potentialAction\":[{\"@type\":\"SearchAction\",\"target\":{\"@type\":\"EntryPoint\",\"urlTemplate\":\"https:\/\/dreamy-bhaskara.93-93-117-60.plesk.page\/?s={search_term_string}\"},\"query-input\":{\"@type\":\"PropertyValueSpecification\",\"valueRequired\":true,\"valueName\":\"search_term_string\"}}],\"inLanguage\":\"es\"}]}<\/script>\n<!-- \/ Yoast SEO plugin. -->","yoast_head_json":{"title":"Contacto - Todoealuminio","description":"Pide presupuesto sin compromiso. Ponte en contacto con nosotros y cu\u00e9ntanos tu proyecto para suelo y pared en Las Palmas","robots":{"index":"index","follow":"follow","max-snippet":"max-snippet:-1","max-image-preview":"max-image-preview:large","max-video-preview":"max-video-preview:-1"},"canonical":"https:\/\/dreamy-bhaskara.93-93-117-60.plesk.page\/?page_id=45","og_locale":"es_ES","og_type":"article","og_title":"Contacto - Todoealuminio","og_description":"Pide presupuesto sin compromiso. Ponte en contacto con nosotros y cu\u00e9ntanos tu proyecto para suelo y pared en Las Palmas","og_url":"https:\/\/dreamy-bhaskara.93-93-117-60.plesk.page\/?page_id=45","og_site_name":"Todoealuminio","article_modified_time":"2025-02-27T19:47:42+00:00","twitter_card":"summary_large_image","twitter_misc":{"Tiempo de lectura":"1 minuto"},"schema":{"@context":"https:\/\/schema.org","@graph":[{"@type":"WebPage","@id":"https:\/\/dreamy-bhaskara.93-93-117-60.plesk.page\/?page_id=45","url":"https:\/\/dreamy-bhaskara.93-93-117-60.plesk.page\/?page_id=45","name":"Contacto - Todoealuminio","isPartOf":{"@id":"https:\/\/dreamy-bhaskara.93-93-117-60.plesk.page\/#website"},"datePublished":"2015-12-15T07:37:48+00:00","dateModified":"2025-02-27T19:47:42+00:00","description":"Pide presupuesto sin compromiso. Ponte en contacto con nosotros y cu\u00e9ntanos tu proyecto para suelo y pared en Las Palmas","breadcrumb":{"@id":"https:\/\/dreamy-bhaskara.93-93-117-60.plesk.page\/?page_id=45#breadcrumb"},"inLanguage":"es","potentialAction":[{"@type":"ReadAction","target":["https:\/\/dreamy-bhaskara.93-93-117-60.plesk.page\/?page_id=45"]}]},{"@type":"BreadcrumbList","@id":"https:\/\/dreamy-bhaskara.93-93-117-60.plesk.page\/?page_id=45#breadcrumb","itemListElement":[{"@type":"ListItem","position":1,"name":"Portada","item":"https:\/\/dreamy-bhaskara.93-93-117-60.plesk.page\/"},{"@type":"ListItem","position":2,"name":"Contacto"}]},{"@type":"WebSite","@id":"https:\/\/dreamy-bhaskara.93-93-117-60.plesk.page\/#website","url":"https:\/\/dreamy-bhaskara.93-93-117-60.plesk.page\/","name":"Todoealuminio","description":"Carpinter\u00eda de Aluminio en Fuerteventura","potentialAction":[{"@type":"SearchAction","target":{"@type":"EntryPoint","urlTemplate":"https:\/\/dreamy-bhaskara.93-93-117-60.plesk.page\/?s={search_term_string}"},"query-input":{"@type":"PropertyValueSpecification","valueRequired":true,"valueName":"search_term_string"}}],"inLanguage":"es"}]}},"_links":{"self":[{"href":"https:\/\/dreamy-bhaskara.93-93-117-60.plesk.page\/index.php?rest_route=\/wp\/v2\/pages\/45","targetHints":{"allow":["GET"]}}],"collection":[{"href":"https:\/\/dreamy-bhaskara.93-93-117-60.plesk.page\/index.php?rest_route=\/wp\/v2\/pages"}],"about":[{"href":"https:\/\/dreamy-bhaskara.93-93-117-60.plesk.page\/index.php?rest_route=\/wp\/v2\/types\/page"}],"author":[{"embeddable":true,"href":"https:\/\/dreamy-bhaskara.93-93-117-60.plesk.page\/index.php?rest_route=\/wp\/v2\/users\/1"}],"replies":[{"embeddable":true,"href":"https:\/\/dreamy-bhaskara.93-93-117-60.plesk.page\/index.php?rest_route=%2Fwp%2Fv2%2Fcomments&post=45"}],"version-history":[{"count":17,"href":"https:\/\/dreamy-bhaskara.93-93-117-60.plesk.page\/index.php?rest_route=\/wp\/v2\/pages\/45\/revisions"}],"predecessor-version":[{"id":3232,"href":"https:\/\/dreamy-bhaskara.93-93-117-60.plesk.page\/index.php?rest_route=\/wp\/v2\/pages\/45\/revisions\/3232"}],"wp:attachment":[{"href":"https:\/\/dreamy-bhaskara.93-93-117-60.plesk.page\/index.php?rest_route=%2Fwp%2Fv2%2Fmedia&parent=45"}],"curies":[{"name":"wp","href":"https:\/\/api.w.org\/{rel}","templated":true}]}}